{"id":1155,"date":"2026-04-20T13:51:27","date_gmt":"2026-04-20T13:51:27","guid":{"rendered":"https:\/\/yamacparasutuoludeniz.com\/?page_id=1155"},"modified":"2026-04-20T13:51:29","modified_gmt":"2026-04-20T13:51:29","slug":"iptal-ve-iade","status":"publish","type":"page","link":"https:\/\/yamacparasutuoludeniz.com\/en\/iptal-ve-iade\/","title":{"rendered":"\u0130PTAL &amp; \u0130ADE POL\u0130T\u0130KASI"},"content":{"rendered":"<h1 class=\"wp-block-heading\"><strong>\u00d6l\u00fcdeniz Aktivite \u0130ptali<\/strong><\/h1>\n\n\n\n<p><strong>Sirius Paragliding &amp; Travel Ltd. \u015eti.<\/strong>, \u00d6l\u00fcdeniz\u2019de sundu\u011fu t\u00fcm <strong>tur ve aktiviteler<\/strong> i\u00e7in \u015feffaf iptal ve iade politikas\u0131 uygular.<\/p>\n\n\n\n<h2 class=\"wp-block-heading\"><strong>\u0130ptal \u015eartlar\u0131<\/strong><\/h2>\n\n\n\n<ul class=\"wp-block-list\">\n<li>Aktivite tarihinden <strong>24 saat \u00f6nce yap\u0131lan iptallerde %100 iade<\/strong> yap\u0131l\u0131r.<\/li>\n\n\n\n<li>24 saatten az s\u00fcre kala yap\u0131lan iptallerde iade yap\u0131lmaz.<\/li>\n<\/ul>\n\n\n\n<h2 class=\"wp-block-heading\"><strong>Hava Ko\u015fullar\u0131<\/strong><\/h2>\n\n\n\n<ul class=\"wp-block-list\">\n<li>\u00d6zellikle <strong>\u00d6l\u00fcdeniz yama\u00e7 para\u015f\u00fct\u00fc<\/strong> gibi hava \u015fartlar\u0131na ba\u011fl\u0131 aktivitelerde iptal durumunda tam iade veya yeni tarih sunulur.<\/li>\n<\/ul>\n\n\n\n<h2 class=\"wp-block-heading\"><strong>Kat\u0131l\u0131m Sa\u011flanmamas\u0131<\/strong><\/h2>\n\n\n\n<p>Rezervasyon saatinde haz\u0131r bulunmayan kat\u0131l\u0131mc\u0131lar i\u00e7in iade yap\u0131lmaz.<\/p>\n\n\n\n<h2 class=\"wp-block-heading\"><strong>\u0130ade S\u00fcreci<\/strong><\/h2>\n\n\n\n<ul class=\"wp-block-list\">\n<li>\u00d6demeler, kullan\u0131lan y\u00f6nteme g\u00f6re <strong>7-14 i\u015f g\u00fcn\u00fc<\/strong> i\u00e7erisinde iade edilir.<\/li>\n<\/ul>\n\n\n\n<h2 class=\"wp-block-heading\"><strong>Tarih De\u011fi\u015fikli\u011fi<\/strong><\/h2>\n\n\n\n<ul class=\"wp-block-list\">\n<li><strong>Fethiye aktiviteleri<\/strong> i\u00e7in rezervasyonlar, m\u00fcsaitlik durumuna g\u00f6re \u00fccretsiz olarak de\u011fi\u015ftirilebilir.<\/li>\n<\/ul>","protected":false},"excerpt":{"rendered":"<p>\u00d6l\u00fcdeniz Aktivite \u0130ptali Sirius Paragliding &amp; Travel Ltd. \u015eti., \u00d6l\u00fcdeniz\u2019de sundu\u011fu t\u00fcm tur ve aktiviteler i\u00e7in \u015feffaf iptal ve iade politikas\u0131 uygular. \u0130ptal \u015eartlar\u0131 Hava Ko\u015fullar\u0131 Kat\u0131l\u0131m Sa\u011flanmamas\u0131 Rezervasyon saatinde haz\u0131r bulunmayan kat\u0131l\u0131mc\u0131lar i\u00e7in iade yap\u0131lmaz. \u0130ade S\u00fcreci Tarih De\u011fi\u015fikli\u011fi<\/p>","protected":false},"author":1,"featured_media":0,"parent":0,"menu_order":0,"comment_status":"closed","ping_status":"closed","template":"","meta":{"travel_tour_sidebar_layout":"","_joinchat":[],"footnotes":""},"class_list":["post-1155","page","type-page","status-publish","hentry","col-sm-12 eq-blocks"],"jetpack_sharing_enabled":true,"_links":{"self":[{"href":"https:\/\/yamacparasutuoludeniz.com\/en\/wp-json\/wp\/v2\/pages\/1155","targetHints":{"allow":["GET"]}}],"collection":[{"href":"https:\/\/yamacparasutuoludeniz.com\/en\/wp-json\/wp\/v2\/pages"}],"about":[{"href":"https:\/\/yamacparasutuoludeniz.com\/en\/wp-json\/wp\/v2\/types\/page"}],"author":[{"embeddable":true,"href":"https:\/\/yamacparasutuoludeniz.com\/en\/wp-json\/wp\/v2\/users\/1"}],"replies":[{"embeddable":true,"href":"https:\/\/yamacparasutuoludeniz.com\/en\/wp-json\/wp\/v2\/comments?post=1155"}],"version-history":[{"count":1,"href":"https:\/\/yamacparasutuoludeniz.com\/en\/wp-json\/wp\/v2\/pages\/1155\/revisions"}],"predecessor-version":[{"id":1156,"href":"https:\/\/yamacparasutuoludeniz.com\/en\/wp-json\/wp\/v2\/pages\/1155\/revisions\/1156"}],"wp:attachment":[{"href":"https:\/\/yamacparasutuoludeniz.com\/en\/wp-json\/wp\/v2\/media?parent=1155"}],"curies":[{"name":"wp","href":"https:\/\/api.w.org\/{rel}","templated":true}]}}